{"id":3,"date":"2025-04-19T10:00:46","date_gmt":"2025-04-19T10:00:46","guid":{"rendered":"http:\/\/calendar-source.com\/?page_id=3"},"modified":"2026-03-22T04:24:25","modified_gmt":"2026-03-22T08:24:25","slug":"politica-de-privacidad","status":"publish","type":"page","link":"https:\/\/calendar-source.com\/es\/politica-de-privacidad\/","title":{"rendered":"Pol\u00edtica de privacidad"},"content":{"rendered":"<p>\u00daltima actualizaci\u00f3n: 12 de julio de 2025<\/p>\n\n\n\n<p>Calendar Source (\u201cnosotros\u201d, \u201cnuestro\u201d o \u201cnos\u201d) se compromete a proteger su privacidad. Esta pol\u00edtica de privacidad explica c\u00f3mo recopilamos, utilizamos, revelamos y protegemos su informaci\u00f3n cuando visita nuestro sitio web, calendar-source.com (el \u201cSitio\u201d), o utiliza nuestros servicios, como la descarga de plantillas de calendarios o la utilizaci\u00f3n de nuestras herramientas en l\u00ednea.<\/p>\n\n\n\n<h2 class=\"wp-block-heading\">Informaci\u00f3n que recopilamos y c\u00f3mo la utilizamos<\/h2>\n\n\n\n<p>Dado que nuestra principal prioridad es ofrecer herramientas de calendario sencillas, no exigimos a los usuarios que creen una cuenta o faciliten datos personales como su nombre, direcci\u00f3n o n\u00famero de tel\u00e9fono.<br>Todos los calendarios generados a trav\u00e9s de nuestro servidor se procesan en tiempo real, y los archivos generados se eliminan de nuestros sistemas inmediatamente despu\u00e9s de su creaci\u00f3n. Esto garantiza que los documentos generados no sean almacenados o retenidos por nosotros despu\u00e9s de la entrega.<\/p>\n\n\n\n<h3 class=\"wp-block-heading\">a. Cookies y almacenamiento en el navegador<\/h3>\n\n\n\n<p>Para mejorar su experiencia, nuestro sitio web utiliza cookies y almacenamiento local. Estas herramientas nos ayudan a recordar su configuraci\u00f3n y proporcionarle una experiencia personalizada cuando vuelva a nuestro sitio. Puede controlar o desactivar las cookies a trav\u00e9s de las preferencias de su navegador, aunque esto puede limitar algunas funciones del sitio web.<\/p>\n\n\n\n<h3 class=\"wp-block-heading\">b. Google AdSense y Analytics<\/h3>\n\n\n\n<p>Estamos asociados con Google AdSense para publicar anuncios en nuestro sitio web y utilizamos Google Analytics para ayudarnos a comprender c\u00f3mo se utiliza nuestro sitio. Ambos servicios pueden recopilar informaci\u00f3n general no identificable, como su direcci\u00f3n IP, el tipo de navegador y las p\u00e1ginas que visita en nuestro sitio. Estos datos nos permiten revisar el rendimiento del sitio y garantizar que los anuncios sean m\u00e1s relevantes para usted.<\/p>\n\n\n\n<p>Para obtener m\u00e1s informaci\u00f3n sobre el funcionamiento de Google AdSense y la informaci\u00f3n que recopila, visite la p\u00e1gina <a href=\"https:\/\/support.google.com\/adsense\/answer\/48182?hl=en\" rel=\"noopener\">P\u00e1gina de informaci\u00f3n de Google AdSense<\/a>.<br>Para obtener m\u00e1s informaci\u00f3n sobre las pr\u00e1cticas de Google Analytics en materia de recopilaci\u00f3n y tratamiento de datos, consulte <a href=\"https:\/\/policies.google.com\/technologies\/partner-sites\" rel=\"noopener\">Privacidad y condiciones de Google<\/a>.<\/p>\n\n\n\n<h3 class=\"wp-block-heading\">c. Publicidad rapaz<\/h3>\n\n\n\n<p>CMI Marketing, Inc, d\/b\/a Raptive (\u201cRaptive\u201d) es un proveedor de servicios de este Sitio con el fin de colocar publicidad en el Sitio, y Raptive recopilar\u00e1 y utilizar\u00e1 determinados datos con fines publicitarios. Para obtener m\u00e1s informaci\u00f3n sobre el uso de datos por parte de Raptive, haga clic aqu\u00ed: <a href=\"https:\/\/raptive.com\/creator-advertising-privacy-statement\" rel=\"noopener\">https:\/\/raptive.com\/creator-advertising-privacy-statement<\/a>.<\/p>\n\n\n\n<h2 class=\"wp-block-heading\">Formulario de contacto<\/h2>\n\n\n\n<p>Si utiliza nuestra funci\u00f3n \u201cContacte con nosotros\u201d para informar de un problema o dar su opini\u00f3n, tiene la opci\u00f3n de enviar su direcci\u00f3n de correo electr\u00f3nico. Solo utilizaremos su correo electr\u00f3nico para responder a su consulta y no lo utilizaremos para ning\u00fan otro fin.<\/p>\n\n\n\n<h2 class=\"wp-block-heading\">Seguridad de los datos<\/h2>\n\n\n\n<p>Tomamos medidas razonables para proteger la informaci\u00f3n que comparte con nosotros. Aunque no es posible garantizar la seguridad total de los datos enviados a trav\u00e9s de Internet, nos comprometemos a utilizar las medidas est\u00e1ndar del sector para evitar el acceso no autorizado.<\/p>\n\n\n\n<p>Tenga en cuenta que los archivos generados en nuestro servidor no se almacenan ni se guardan una vez finalizado el proceso de creaci\u00f3n. Los archivos se eliminan inmediatamente y no conservamos copias, registros ni copias de seguridad de sus calendarios generados. Esta pr\u00e1ctica favorece su privacidad y le proporciona tranquilidad en cuanto a la confidencialidad de sus documentos.<\/p>\n\n\n\n<h2 class=\"wp-block-heading\">Privacidad infantil<\/h2>\n\n\n\n<p>Nuestro sitio web y nuestros servicios est\u00e1n destinados a un p\u00fablico general y no est\u00e1n dirigidos a ni\u00f1os menores de 13 a\u00f1os. No recopilamos, solicitamos ni almacenamos conscientemente informaci\u00f3n personal de ni\u00f1os menores de esa edad.<\/p>\n\n\n\n<h2 class=\"wp-block-heading\">Cambios en esta pol\u00edtica de privacidad<\/h2>\n\n\n\n<p>Podemos actualizar esta Pol\u00edtica de Privacidad peri\u00f3dicamente. Cualquier cambio se publicar\u00e1 en esta p\u00e1gina, junto con la fecha revisada de \u201c\u00daltima actualizaci\u00f3n\u201d. Le recomendamos que visite esta p\u00e1gina con regularidad para mantenerse informado sobre nuestras pr\u00e1cticas de privacidad.<\/p>\n\n\n\n<h2 class=\"wp-block-heading\">Cont\u00e1ctanos<\/h2>\n\n\n\n<p>Si tiene m\u00e1s preguntas sobre esta Pol\u00edtica de privacidad, p\u00f3ngase en contacto con nosotros.<br>Por correo electr\u00f3nico: <a href=\"mailto:support@calendar-source.com\">support@calendar-source.com<\/a><br>Visitando la p\u00e1gina de contacto de nuestro sitio web: <a href=\"https:\/\/calendar-source.com\/es\/contactanos\/\">Cont\u00e1ctanos<\/a><\/p>\n\n\n<!-- wp:themify-builder\/canvas \/-->","protected":false},"excerpt":{"rendered":"<p>Last Updated: July 12, 2025 Calendar Source (\u201cwe,\u201d \u201cour,\u201d or \u201cus\u201d) is committed to protecting your privacy. This Privacy Policy explains how we collect, use, disclose, and safeguard your information when you visit our website, calendar-source.com (the \u201cSite\u201d), or use our services, such as downloading calendar templates or utilizing our online tools. Information We Collect [&hellip;]<\/p>","protected":false},"author":1,"featured_media":0,"parent":0,"menu_order":0,"comment_status":"closed","ping_status":"closed","template":"","meta":{"footnotes":""},"class_list":["post-3","page","type-page","status-publish","hentry","has-post-title","has-post-date","has-post-category","has-post-tag","has-post-comment","has-post-author",""],"builder_content":"","_links":{"self":[{"href":"https:\/\/calendar-source.com\/es\/wp-json\/wp\/v2\/pages\/3","targetHints":{"allow":["GET"]}}],"collection":[{"href":"https:\/\/calendar-source.com\/es\/wp-json\/wp\/v2\/pages"}],"about":[{"href":"https:\/\/calendar-source.com\/es\/wp-json\/wp\/v2\/types\/page"}],"author":[{"embeddable":true,"href":"https:\/\/calendar-source.com\/es\/wp-json\/wp\/v2\/users\/1"}],"replies":[{"embeddable":true,"href":"https:\/\/calendar-source.com\/es\/wp-json\/wp\/v2\/comments?post=3"}],"version-history":[{"count":8,"href":"https:\/\/calendar-source.com\/es\/wp-json\/wp\/v2\/pages\/3\/revisions"}],"predecessor-version":[{"id":1885,"href":"https:\/\/calendar-source.com\/es\/wp-json\/wp\/v2\/pages\/3\/revisions\/1885"}],"wp:attachment":[{"href":"https:\/\/calendar-source.com\/es\/wp-json\/wp\/v2\/media?parent=3"}],"curies":[{"name":"wp","href":"https:\/\/api.w.org\/{rel}","templated":true}]}}