{"id":40,"date":"2021-03-20T06:59:04","date_gmt":"2021-03-20T06:59:04","guid":{"rendered":"https:\/\/calendar-source.com\/contact\/"},"modified":"2025-07-12T10:31:00","modified_gmt":"2025-07-12T10:31:00","slug":"contactanos","status":"publish","type":"page","link":"https:\/\/calendar-source.com\/es\/contactanos\/","title":{"rendered":"Cont\u00e1ctanos"},"content":{"rendered":"<!--themify_builder_content-->\n<div id=\"themify_builder_content-40\" data-postid=\"40\" class=\"themify_builder_content themify_builder_content-40 themify_builder tf_clear\">\n                    <div  data-lazy=\"1\" class=\"module_row themify_builder_row tb_rscp34 tb_first tf_w\">\n                        <div class=\"row_inner col_align_top tb_col_count_1 tf_box tf_rel\">\n                        <div  data-lazy=\"1\" class=\"module_column tb-column col-full tb_b8a535 first\">\n                            <div  data-lazy=\"1\" class=\"module_subrow themify_builder_sub_row tf_w col_align_top tb_col_count_1 tb_178w35\">\n                <div  data-lazy=\"1\" class=\"module_column sub_column col-full tb_rx0h35 first\">\n                    <!-- module text -->\n<div  class=\"module module-text tb_w50n35\" data-lazy=\"1\">\n        <div  class=\"tb_text_wrap\">\n        <h1>Cont\u00e1ctanos<\/h1>\n<p>Para obtener respuestas r\u00e1pidas a las preguntas m\u00e1s frecuentes, consulte nuestras FAQ.\u00a0<\/p>\n<p>Si necesitas m\u00e1s ayuda o quieres compartir comentarios o ideas, env\u00edanos un correo electr\u00f3nico a support@calendar-source.com o utiliza el formulario de contacto que aparece a continuaci\u00f3n. Gracias por ayudarnos a mejorar.<\/p>    <\/div>\n<\/div>\n<!-- \/module text -->        <\/div>\n                    <\/div>\n                <\/div>\n                        <\/div>\n        <\/div>\n                        <div  data-lazy=\"1\" class=\"module_row themify_builder_row tb_5zna34 tf_w\">\n                        <div class=\"row_inner col_align_top tb_col_count_1 tf_box tf_rel\">\n                        <div  data-lazy=\"1\" class=\"module_column tb-column col-full tb_7r4z37 first\">\n                            <div  data-lazy=\"1\" class=\"module_subrow themify_builder_sub_row tf_w col_align_top tb_col_count_1 tb_nzv137\">\n                <div  data-lazy=\"1\" class=\"module_column sub_column col-full tb_lonu37 first\">\n                    <!-- module contact -->\n<div  id=\"tb_60wm497\" class=\"module module-contact tb_60wm497 contact-style1\" data-lazy=\"1\">\n    \n\t<form class=\"builder-contact\"\n\t\tid=\"tb_60wm497-form\"\n\t\tmethod=\"post\"\n\t\tdata-post-id=\"40\"\n\t\tdata-element-id=\"60wm497\"\n\t\tdata-orig-id=\"40\" action=\"\"\n\t>\n    <div class=\"contact-message\"><\/div>\n\t<div class=\"builder-contact-fields tf_rel\">\n\t\t    \t\t    <div class=\"builder-contact-field builder-contact-field-message builder-contact-textarea-field\">\n\t\t\t    <label class=\"control-label\" for=\"tb_60wm497-contact-message\">\n\t\t\t\t\t\t\t\t\t\t<span class=\"tb-label-span\">Introduzca el mensaje <\/span><span class=\"required\">*<\/span>\t\t\t\t<\/label>\n\t\t\t    <div class=\"control-input tf_rel\">\n\t\t\t\t    \t\t\t\t\t    <textarea name=\"contact-message\" placeholder=\"\" id=\"tb_60wm497-contact-message\" class=\"form-control\" required><\/textarea>\n\t\t\t\t    \t\t\t\t    \t\t\t    <\/div>\n\t\t<\/div>\n\t    \n\t\t    \t\t    \t\t    <div class=\"builder-contact-field builder-contact-field-extra builder-contact-email-field\">\n\t\t\t\t\n\t\t\t\t<label class=\"control-label\" for=\"field_extra_tb_60wm497_0\">\n\t\t\t\t\t\n\t\t\t\t\tSu correo electr\u00f3nico\t\t\t\t\t\t\t\t\t\t\t<input type=\"hidden\" name=\"field_extra_name_0\" value=\"Your Email\">\n\t\t\t\t\t\t\t\t\t\t\t<span class=\"required\">*<\/span>\n\t\t\t\t\t\t\t\t\t<\/label>\n\t\t\t\t<div class=\"control-input tf_rel\">\n\t\t\t\t\t\t\t\t\t\t\t<input type=\"email\" name=\"field_extra_0\" id=\"field_extra_tb_60wm497_0\" placeholder=\"\" class=\"form-control\" required>\n\t\t\t\t\t\n\t\t\t\t\t\t\t\t\t<\/div>\n\t\t    <\/div>\n\t    \n\t\t    \t\t\n\t\t\n\t    \n\t    <div class=\"builder-contact-field builder-contact-field-send control-input tf_textl tf_clear tf_rel\">\n\t\t\t<button type=\"submit\" class=\"btn btn-primary\">\n\t\t\t\t<span class=\"tf_loader\"><\/span>\t\t\t\t<span class=\"tf_submit_icon\"><\/span> \n\t\t\t\tEnviar\t\t\t<\/button>\n\t    <\/div>\n\t<\/div>\n    <input type=\"hidden\" name=\"trp-form-language\" value=\"es\"\/><\/form>\n    <\/div>\n<!-- \/module contact -->\n        <\/div>\n                    <\/div>\n                <\/div>\n                        <\/div>\n        <\/div>\n                        <div  data-lazy=\"1\" class=\"module_row themify_builder_row tb_pvrf34 tf_w\">\n                        <div class=\"row_inner col_align_top tb_col_count_1 tf_box tf_rel\">\n                        <div  data-lazy=\"1\" class=\"module_column tb-column col-full tb_fc1439 first\">\n                    <!-- module text -->\n<div  class=\"module module-text tb_2vf139\" data-lazy=\"1\">\n        <div  class=\"tb_text_wrap\">\n        <h2>Preguntas frecuentes<\/h2>    <\/div>\n<\/div>\n<!-- \/module text --><!-- module accordion -->\n<div  class=\"module module-accordion tb_6uyc39\" data-behavior=\"toggle\" data-lazy=\"1\">\n    \n    <ul class=\"ui module-accordion   transparent\" itemscope itemtype=\"https:\/\/schema.org\/FAQPage\">\n            <li class=\"builder-accordion-active\" itemscope itemprop=\"mainEntity\" itemtype=\"https:\/\/schema.org\/Question\">\n            <div class=\"accordion-title tf_rel\" itemprop=\"name\">\n                <a href=\"#acc-6uyc39-0\" class=\"tb_title_accordion\" aria-controls=\"acc-6uyc39-0-content\" aria-expanded=\"true\">\n                    <i class=\"accordion-icon tf_hide\"><svg  class=\"tf_fa tf-ti-plus\" aria-hidden=\"true\"><use href=\"#tf-ti-plus\"><\/use><\/svg><\/i>                    <i class=\"accordion-active-icon\"><svg  class=\"tf_fa tf-ti-minus\" aria-hidden=\"true\"><use href=\"#tf-ti-minus\"><\/use><\/svg><\/i>                    <span class=\"accordion-title-wrap\">\u00bfC\u00f3mo a\u00f1ado eventos o tareas a mi calendario?<\/span>                <\/a>\n            <\/div><!-- .accordion-title -->\n            <div id=\"acc-6uyc39-0-content\" data-id=\"acc-6uyc39-0\" aria-hidden=\"false\" class=\"accordion-content tf_clearfix\" itemscope itemprop=\"acceptedAnswer\" itemtype=\"https:\/\/schema.org\/Answer\">\n                        <div  data-lazy=\"1\" class=\"module_subrow themify_builder_sub_row tf_w col_align_top tb_col_count_1 tb_40ps909\" itemprop=\"text\">\n                <div  data-lazy=\"1\" class=\"module_column sub_column tb_6d6o909 first\">\n                    <!-- module text -->\n<div  class=\"module module-text tb_8s90909\" data-lazy=\"1\">\n        <div  class=\"tb_text_wrap\">\n        <p>Para a\u00f1adir un evento o una tarea, s\u00f3lo tienes que hacer clic en el mes o en un d\u00eda concreto, luego en el bot\u00f3n \u201cA\u00f1adir eventos\u201d y empezar a escribir tus datos. Tus notas se guardan en el navegador, pero pueden perderse si borras el historial.<\/p>    <\/div>\n<\/div>\n<!-- \/module text -->        <\/div>\n                    <\/div>\n                    <\/div><!-- .accordion-content -->\n        <\/li>\n            <li itemscope itemprop=\"mainEntity\" itemtype=\"https:\/\/schema.org\/Question\">\n            <div class=\"accordion-title tf_rel\" itemprop=\"name\">\n                <a href=\"#acc-6uyc39-1\" class=\"tb_title_accordion\" aria-controls=\"acc-6uyc39-1-content\" aria-expanded=\"false\">\n                    <i class=\"accordion-icon\"><svg  class=\"tf_fa tf-ti-plus\" aria-hidden=\"true\"><use href=\"#tf-ti-plus\"><\/use><\/svg><\/i>                    <i class=\"accordion-active-icon tf_hide\"><svg  class=\"tf_fa tf-ti-minus\" aria-hidden=\"true\"><use href=\"#tf-ti-minus\"><\/use><\/svg><\/i>                    <span class=\"accordion-title-wrap\">\u00bfC\u00f3mo imprimo mi calendario?<\/span>                <\/a>\n            <\/div><!-- .accordion-title -->\n            <div id=\"acc-6uyc39-1-content\" data-id=\"acc-6uyc39-1\" aria-hidden=\"true\" class=\"accordion-content tf_hide tf_clearfix\" itemscope itemprop=\"acceptedAnswer\" itemtype=\"https:\/\/schema.org\/Answer\">\n                        <div  data-lazy=\"1\" class=\"module_subrow themify_builder_sub_row tf_w col_align_top tb_col_count_1 tb_axym909\" itemprop=\"text\">\n                <div  data-lazy=\"1\" class=\"module_column sub_column tb_ds3b909 first\">\n                    <!-- module text -->\n<div  class=\"module module-text tb_khk8910\" data-lazy=\"1\">\n        <div  class=\"tb_text_wrap\">\n        <p>Para imprimir su calendario, despl\u00e1cese hasta la secci\u00f3n Plantilla situada debajo del calendario. Elija una plantilla vertical u horizontal en funci\u00f3n de sus necesidades. S\u00f3lo tiene que hacer clic en la imagen de la plantilla de calendario para generarla y descargarla gratuitamente en formato PDF.<\/p>    <\/div>\n<\/div>\n<!-- \/module text -->        <\/div>\n                    <\/div>\n                    <\/div><!-- .accordion-content -->\n        <\/li>\n            <li itemscope itemprop=\"mainEntity\" itemtype=\"https:\/\/schema.org\/Question\">\n            <div class=\"accordion-title tf_rel\" itemprop=\"name\">\n                <a href=\"#acc-6uyc39-2\" class=\"tb_title_accordion\" aria-controls=\"acc-6uyc39-2-content\" aria-expanded=\"false\">\n                    <i class=\"accordion-icon\"><svg  class=\"tf_fa tf-ti-plus\" aria-hidden=\"true\"><use href=\"#tf-ti-plus\"><\/use><\/svg><\/i>                    <i class=\"accordion-active-icon tf_hide\"><svg  class=\"tf_fa tf-ti-minus\" aria-hidden=\"true\"><use href=\"#tf-ti-minus\"><\/use><\/svg><\/i>                    <span class=\"accordion-title-wrap\">\u00bfSe guardan en l\u00ednea mis notas y eventos?<\/span>                <\/a>\n            <\/div><!-- .accordion-title -->\n            <div id=\"acc-6uyc39-2-content\" data-id=\"acc-6uyc39-2\" aria-hidden=\"true\" class=\"accordion-content tf_hide tf_clearfix\" itemscope itemprop=\"acceptedAnswer\" itemtype=\"https:\/\/schema.org\/Answer\">\n                        <div  data-lazy=\"1\" class=\"module_subrow themify_builder_sub_row tf_w col_align_top tb_col_count_1 tb_xexy910\" itemprop=\"text\">\n                <div  data-lazy=\"1\" class=\"module_column sub_column tb_cpyy910 first\">\n                    <!-- module text -->\n<div  class=\"module module-text tb_mpdo910\" data-lazy=\"1\">\n        <div  class=\"tb_text_wrap\">\n        <p>No, tus notas y eventos personalizados se guardan en tu navegador. Si borras el historial del navegador, es posible que pierdas la informaci\u00f3n guardada.<\/p>    <\/div>\n<\/div>\n<!-- \/module text -->        <\/div>\n                    <\/div>\n                    <\/div><!-- .accordion-content -->\n        <\/li>\n            <li itemscope itemprop=\"mainEntity\" itemtype=\"https:\/\/schema.org\/Question\">\n            <div class=\"accordion-title tf_rel\" itemprop=\"name\">\n                <a href=\"#acc-6uyc39-3\" class=\"tb_title_accordion\" aria-controls=\"acc-6uyc39-3-content\" aria-expanded=\"false\">\n                    <i class=\"accordion-icon\"><svg  class=\"tf_fa tf-ti-plus\" aria-hidden=\"true\"><use href=\"#tf-ti-plus\"><\/use><\/svg><\/i>                    <i class=\"accordion-active-icon tf_hide\"><svg  class=\"tf_fa tf-ti-minus\" aria-hidden=\"true\"><use href=\"#tf-ti-minus\"><\/use><\/svg><\/i>                    <span class=\"accordion-title-wrap\">\u00bfPuedo ver todos mis eventos, tareas y d\u00edas festivos de todo el a\u00f1o?<\/span>                <\/a>\n            <\/div><!-- .accordion-title -->\n            <div id=\"acc-6uyc39-3-content\" data-id=\"acc-6uyc39-3\" aria-hidden=\"true\" class=\"accordion-content tf_hide tf_clearfix\" itemscope itemprop=\"acceptedAnswer\" itemtype=\"https:\/\/schema.org\/Answer\">\n                        <div  data-lazy=\"1\" class=\"module_subrow themify_builder_sub_row tf_w col_align_top tb_col_count_1 tb_ku5t910\" itemprop=\"text\">\n                <div  data-lazy=\"1\" class=\"module_column sub_column tb_xfri910 first\">\n                    <!-- module text -->\n<div  class=\"module module-text tb_9662910\" data-lazy=\"1\">\n        <div  class=\"tb_text_wrap\">\n        <p>S\u00ed, el Calendario Anual te lo muestra todo de un vistazo. Puedes ver tus eventos, tareas, vacaciones y celebraciones. Cada categor\u00eda est\u00e1 resaltada en un color diferente.<\/p>    <\/div>\n<\/div>\n<!-- \/module text -->        <\/div>\n                    <\/div>\n                    <\/div><!-- .accordion-content -->\n        <\/li>\n            <li itemscope itemprop=\"mainEntity\" itemtype=\"https:\/\/schema.org\/Question\">\n            <div class=\"accordion-title tf_rel\" itemprop=\"name\">\n                <a href=\"#acc-6uyc39-4\" class=\"tb_title_accordion\" aria-controls=\"acc-6uyc39-4-content\" aria-expanded=\"false\">\n                    <i class=\"accordion-icon\"><svg  class=\"tf_fa tf-ti-plus\" aria-hidden=\"true\"><use href=\"#tf-ti-plus\"><\/use><\/svg><\/i>                    <i class=\"accordion-active-icon tf_hide\"><svg  class=\"tf_fa tf-ti-minus\" aria-hidden=\"true\"><use href=\"#tf-ti-minus\"><\/use><\/svg><\/i>                    <span class=\"accordion-title-wrap\">\u00bfEs gratuito utilizar y descargar la herramienta de calendario?<\/span>                <\/a>\n            <\/div><!-- .accordion-title -->\n            <div id=\"acc-6uyc39-4-content\" data-id=\"acc-6uyc39-4\" aria-hidden=\"true\" class=\"accordion-content tf_hide tf_clearfix\" itemscope itemprop=\"acceptedAnswer\" itemtype=\"https:\/\/schema.org\/Answer\">\n                        <div  data-lazy=\"1\" class=\"module_subrow themify_builder_sub_row tf_w col_align_top tb_col_count_1 tb_f9y0910\" itemprop=\"text\">\n                <div  data-lazy=\"1\" class=\"module_column sub_column tb_gw3t910 first\">\n                    <!-- module text -->\n<div  class=\"module module-text tb_mfum910\" data-lazy=\"1\">\n        <div  class=\"tb_text_wrap\">\n        <p>S\u00ed, tanto la visualizaci\u00f3n de su calendario en l\u00ednea como la descarga de plantillas imprimibles en PDF son totalmente gratuitas.<\/p>    <\/div>\n<\/div>\n<!-- \/module text -->        <\/div>\n                    <\/div>\n                    <\/div><!-- .accordion-content -->\n        <\/li>\n            <li itemscope itemprop=\"mainEntity\" itemtype=\"https:\/\/schema.org\/Question\">\n            <div class=\"accordion-title tf_rel\" itemprop=\"name\">\n                <a href=\"#acc-6uyc39-5\" class=\"tb_title_accordion\" aria-controls=\"acc-6uyc39-5-content\" aria-expanded=\"false\">\n                    <i class=\"accordion-icon\"><svg  class=\"tf_fa tf-ti-plus\" aria-hidden=\"true\"><use href=\"#tf-ti-plus\"><\/use><\/svg><\/i>                    <i class=\"accordion-active-icon tf_hide\"><svg  class=\"tf_fa tf-ti-minus\" aria-hidden=\"true\"><use href=\"#tf-ti-minus\"><\/use><\/svg><\/i>                    <span class=\"accordion-title-wrap\">\u00bfC\u00f3mo a\u00f1ado o quito d\u00edas festivos?<\/span>                <\/a>\n            <\/div><!-- .accordion-title -->\n            <div id=\"acc-6uyc39-5-content\" data-id=\"acc-6uyc39-5\" aria-hidden=\"true\" class=\"accordion-content tf_hide tf_clearfix\" itemscope itemprop=\"acceptedAnswer\" itemtype=\"https:\/\/schema.org\/Answer\">\n                        <div  data-lazy=\"1\" class=\"module_subrow themify_builder_sub_row tf_w col_align_top tb_col_count_1 tb_q19w290\" itemprop=\"text\">\n                <div  data-lazy=\"1\" class=\"module_column sub_column tb_fwc7290 first\">\n                    <!-- module text -->\n<div  class=\"module module-text tb_bims290\" data-lazy=\"1\">\n        <div  class=\"tb_text_wrap\">\n        <p>Puede utilizar el bot\u00f3n D\u00edas festivos del Calendario mensual para a\u00f1adir o eliminar los d\u00edas festivos que desee. Los cambios que realice se mostrar\u00e1n tanto en la p\u00e1gina del Calendario Anual como en la del Calendario Mensual.<\/p>    <\/div>\n<\/div>\n<!-- \/module text -->        <\/div>\n                    <\/div>\n                    <\/div><!-- .accordion-content -->\n        <\/li>\n        <\/ul>\n\n<\/div><!-- \/module accordion -->        <\/div>\n                        <\/div>\n        <\/div>\n        <\/div>\n<!--\/themify_builder_content-->","protected":false},"excerpt":{"rendered":"<p>Contact Us For quickest answers to common questions, refer to our FAQ below.\u00a0 If you need more help or want to share feedback or ideas, please email us at support@calendar-source.com or use the contact form below. Thank you for helping us improve!<\/p>","protected":false},"author":1,"featured_media":0,"parent":0,"menu_order":0,"comment_status":"closed","ping_status":"closed","template":"","meta":{"footnotes":""},"class_list":["post-40","page","type-page","status-publish","hentry","has-post-title","has-post-date","has-post-category","has-post-tag","has-post-comment","has-post-author",""],"builder_content":"<h1>Contact Us<\/h1> <p>For quickest answers to common questions, refer to our FAQ below.\u00a0<\/p> <p>If you need more help or want to share feedback or ideas, please email us at support@calendar-source.com or use the contact form below. Thank you for helping us improve!<\/p>\n<form id=\"tb_60wm497-form\" method=\"post\" data-post-id=\"0\" data-element-id=\"60wm497\" data-orig-id=\"40\" > <label for=\"tb_60wm497-contact-message\"> Enter the Message * <\/label> <textarea name=\"contact-message\" placeholder=\"\" id=\"tb_60wm497-contact-message\" required><\/textarea> <label for=\"field_extra_tb_60wm497_0\"> Your Email <input type=\"hidden\" name=\"field_extra_name_0\" value=\"Your Email\"> * <\/label> <input type=\"email\" name=\"field_extra_0\" id=\"field_extra_tb_60wm497_0\" placeholder=\"\" required> <button type=\"submit\"> Send <\/button> <\/form>\n<h2>FAQs<\/h2>\n<ul><li><h4>How do I add events or tasks to my calendar?<\/h4><p>To add an event or task, just click on the month or a specific day, then click the \u201cAdd Events\u201d button and start typing your details. Your notes are saved in your browser, but they may be lost if you clear your history.<\/p><\/li><li><h4>How do I print my calendar?<\/h4><p>To print your calendar, scroll down to the Template section below the calendar. Choose a portrait or landscape template based on your needs. Just click the image of the calendar template to generate and download it for free in PDF format.<\/p><\/li><li><h4>Are my notes and events saved online?<\/h4><p>No, your custom notes and events are saved in your browser. If you clear your browser history, you may lose your saved information.<\/p><\/li><li><h4>Can I see all my events, tasks, and holidays for the whole year?<\/h4><p>Yes, the Year Calendar shows you everything at a glance. You can see your events, tasks, holidays, and observances. Each category is highlighted in a different color.<\/p><\/li><li><h4>Is the calendar tool free to use and download?<\/h4><p>Yes, both viewing your calendar online and downloading printable PDF templates are completely free.<\/p><\/li><li><h4>How do I add or remove holidays?<\/h4><p>You can use the Holidays button in the Monthly Calendar to add or remove holidays as you like. The changes you make will show up on both the Year Calendar and Monthly Calendar pages.<\/p><\/li><\/ul>\n<p>To add an event or task, just click on the month or a specific day, then click the \u201cAdd Events\u201d button and start typing your details. Your notes are saved in your browser, but they may be lost if you clear your history.<\/p>\n<p>To print your calendar, scroll down to the Template section below the calendar. Choose a portrait or landscape template based on your needs. Just click the image of the calendar template to generate and download it for free in PDF format.<\/p>\n<p>No, your custom notes and events are saved in your browser. If you clear your browser history, you may lose your saved information.<\/p>\n<p>Yes, the Year Calendar shows you everything at a glance. You can see your events, tasks, holidays, and observances. Each category is highlighted in a different color.<\/p>\n<p>Yes, both viewing your calendar online and downloading printable PDF templates are completely free.<\/p>\n<p>You can use the Holidays button in the Monthly Calendar to add or remove holidays as you like. The changes you make will show up on both the Year Calendar and Monthly Calendar pages.<\/p>","_links":{"self":[{"href":"https:\/\/calendar-source.com\/es\/wp-json\/wp\/v2\/pages\/40","targetHints":{"allow":["GET"]}}],"collection":[{"href":"https:\/\/calendar-source.com\/es\/wp-json\/wp\/v2\/pages"}],"about":[{"href":"https:\/\/calendar-source.com\/es\/wp-json\/wp\/v2\/types\/page"}],"author":[{"embeddable":true,"href":"https:\/\/calendar-source.com\/es\/wp-json\/wp\/v2\/users\/1"}],"replies":[{"embeddable":true,"href":"https:\/\/calendar-source.com\/es\/wp-json\/wp\/v2\/comments?post=40"}],"version-history":[{"count":32,"href":"https:\/\/calendar-source.com\/es\/wp-json\/wp\/v2\/pages\/40\/revisions"}],"predecessor-version":[{"id":985,"href":"https:\/\/calendar-source.com\/es\/wp-json\/wp\/v2\/pages\/40\/revisions\/985"}],"wp:attachment":[{"href":"https:\/\/calendar-source.com\/es\/wp-json\/wp\/v2\/media?parent=40"}],"curies":[{"name":"wp","href":"https:\/\/api.w.org\/{rel}","templated":true}]}}